{"id":1042,"date":"2012-10-15T00:00:00","date_gmt":"2012-10-15T00:00:00","guid":{"rendered":"https:\/\/franklegaltax.com\/anwalte\/"},"modified":"2020-09-01T06:49:32","modified_gmt":"2020-09-01T06:49:32","slug":"anwalte","status":"publish","type":"page","link":"https:\/\/franklegaltax.com\/de\/anwalte\/","title":{"rendered":"Anw\u00e4lte"},"content":{"rendered":"\n<h3 class=\"wp-block-heading\">Unser Team stellt sich vor<\/h3>\n\n\n\n<div class=\"flt-stroke5\"><\/div>\n\n\n\n<p style=\"font-size:18px\"><span style=\"font-size: inherit;\">Hier erfahren Sie mehr \u00fcber die Berater, die FRANK Legal &amp; Tax zu einer international erfolgreichen Anwaltskanzlei machen. Alle unsere Anw\u00e4lte und Buchhalter sind hoch motiviert und bereit, ihr grenz\u00fcberschreitendes juristisches Fachwissen zum Vorteil Ihres Unternehmens einzusetzen.<\/span><\/p>\n\n\n\n<p><\/p>\n","protected":false},"excerpt":{"rendered":"<p>Unser Team stellt sich vor Hier erfahren Sie mehr \u00fcber die Berater, die FRANK Legal &amp; Tax zu einer international erfolgreichen Anwaltskanzlei machen. Alle unsere Anw\u00e4lte und Buchhalter sind hoch motiviert und bereit, ihr grenz\u00fcberschreitendes juristisches Fachwissen zum Vorteil Ihres Unternehmens einzusetzen.<\/p>\n","protected":false},"author":13,"featured_media":9174,"parent":0,"menu_order":0,"comment_status":"closed","ping_status":"closed","template":"","meta":{"_acf_changed":false,"_kad_blocks_custom_css":"","_kad_blocks_head_custom_js":"","_kad_blocks_body_custom_js":"","_kad_blocks_footer_custom_js":"","_kadence_starter_templates_imported_post":false,"_kad_post_transparent":"","_kad_post_title":"","_kad_post_layout":"","_kad_post_sidebar_id":"","_kad_post_content_style":"","_kad_post_vertical_padding":"","_kad_post_feature":"","_kad_post_feature_position":"","_kad_post_header":false,"_kad_post_footer":false,"footnotes":""},"class_list":["post-1042","page","type-page","status-publish","has-post-thumbnail","hentry"],"acf":[],"taxonomy_info":[],"featured_image_src_large":["https:\/\/franklegaltax.com\/wp-content\/uploads\/2024\/02\/Group2.jpg",1290,376,false],"author_info":{"display_name":"Karl Luckwald","author_link":"https:\/\/franklegaltax.com\/de\/author\/karl-luckwald\/"},"comment_info":0,"_links":{"self":[{"href":"https:\/\/franklegaltax.com\/de\/wp-json\/wp\/v2\/pages\/1042","targetHints":{"allow":["GET"]}}],"collection":[{"href":"https:\/\/franklegaltax.com\/de\/wp-json\/wp\/v2\/pages"}],"about":[{"href":"https:\/\/franklegaltax.com\/de\/wp-json\/wp\/v2\/types\/page"}],"author":[{"embeddable":true,"href":"https:\/\/franklegaltax.com\/de\/wp-json\/wp\/v2\/users\/13"}],"replies":[{"embeddable":true,"href":"https:\/\/franklegaltax.com\/de\/wp-json\/wp\/v2\/comments?post=1042"}],"version-history":[{"count":0,"href":"https:\/\/franklegaltax.com\/de\/wp-json\/wp\/v2\/pages\/1042\/revisions"}],"wp:featuredmedia":[{"embeddable":true,"href":"https:\/\/franklegaltax.com\/de\/wp-json\/wp\/v2\/media\/9174"}],"wp:attachment":[{"href":"https:\/\/franklegaltax.com\/de\/wp-json\/wp\/v2\/media?parent=1042"}],"curies":[{"name":"wp","href":"https:\/\/api.w.org\/{rel}","templated":true}]}}