{"id":1044,"date":"2012-10-14T00:00:00","date_gmt":"2012-10-14T00:00:00","guid":{"rendered":"https:\/\/franklegaltax.com\/steuerrecht-und-bilanzierung\/"},"modified":"2024-08-22T18:00:48","modified_gmt":"2024-08-22T11:00:48","slug":"steuerrecht-und-bilanzierung","status":"publish","type":"page","link":"https:\/\/franklegaltax.com\/de\/dienstleistungen\/steuerrecht-und-bilanzierung\/","title":{"rendered":"Steuerberatung &amp; Strukturierung"},"content":{"rendered":"\n<h2 class=\"wp-block-heading\" id=\"h-tax-advisory-lawyers-in-bangkok-amp-thailand\">Rechtsanw\u00e4lte f\u00fcr Steuerberatung in Bangkok &amp; Thailand<\/h2>\n\n<p>Sollten Sie Beratung in Steuerangelegenheiten mit Bezug zu Thailand oder auf internationaler Ebene ben\u00f6tigen, verf\u00fcgt das FRANK Legal &amp; Tax Team \u00fcber Fachwissen, das das gesamte Spektrum des nationalen und internationalen Steuerrechts abdeckt.\nWir sind darauf spezialisiert, innovative, ma\u00dfgeschneiderte Steuerl\u00f6sungen f\u00fcr komplexe Strukturen zu entwickeln, die von talentierten und engagierten Steueranw\u00e4lten in Thailand angeboten werden.   <\/p>\n\n<p>Die von uns angebotenen Steuerdienstleistungen umfassen:  <\/p>\n\n<p><strong>Beratung in transaktionsbezogenen Steuerfragen<\/strong><\/p>\n\n<p>Mit unserem gr\u00fcndlichen Verst\u00e4ndnis der thail\u00e4ndischen Steuersysteme helfen wir unseren Kunden, ihre Gesch\u00e4ftsziele zu erreichen. Dabei sind wir stets bestrebt, die Vorteile zu maximieren und gleichzeitig die Steuerverbindlichkeiten zu minimieren.<strong><\/strong><\/p>\n\n<p class=\"has-black-color has-text-color has-link-color wp-elements-cff8ea94f9efd54141937fac2e0cb6db\"><strong>Steuerlich effiziente Strukturierung von <a href=\"https:\/\/franklegaltax.com\/services\/immobilien-und-bauwirtschaft\/?lang=de\">Immobilienentwicklungen<\/a><\/strong><\/p>\n\n<p class=\"has-black-color has-text-color has-link-color wp-elements-645a1b08a3d26beb3041ae6cbca9381e\">Der Einsatz einer steuereffizienten Strukturierung bei der Entwicklung aller Arten von <a href=\"https:\/\/franklegaltax.com\/services\/immobilien-und-bauwirtschaft\/?lang=de\">Immobilien<\/a> kann sich langfristig wirklich auszahlen.\nUnsere Anw\u00e4lte verf\u00fcgen \u00fcber das Wissen und die F\u00e4higkeit, Ihre einzigartige Situation zu ber\u00fccksichtigen und Ihnen die besten Steuereffizienzen zu empfehlen. <\/p>\n\n<p><strong>Internationales Steuerrecht<\/strong><\/p>\n\n<p>Nat\u00fcrlich unterscheiden sich die Steuergesetze von Land zu Land, und die Kenntnis der Unterschiede ist der Schl\u00fcssel, um den Kunden einen pr\u00e4zisen und effektiven grenz\u00fcberschreitenden Steuerservice anbieten zu k\u00f6nnen. Genau das k\u00f6nnen die Anw\u00e4lte von FRANK Legal &amp; Tax bieten.<\/p>\n\n<p><strong>Offshore-Besteuerung<\/strong><\/p>\n\n<p>Das Steuerwissen des FRANK Legal &amp; Tax Teams ist nicht auf Thailand beschr\u00e4nkt.\nUnser Wissen \u00fcber die Komplexit\u00e4t aller Arten von Offshore-Besteuerungssystemen kann unseren Kunden wirklich zugute kommen. <strong><\/strong><\/p>\n\n<p><strong>Compliance<\/strong><\/p>\n\n<p class=\"has-black-color has-text-color has-link-color wp-elements-0fe5bc81ceaa1c34a570c332e6a5f5cf\">Wir k\u00f6nnen sicherstellen, dass Sie die Steuergesetze einhalten, die Ihre <a href=\"https:\/\/franklegaltax.com\/services\/immobilien-und-bauwirtschaft\/?lang=de\">Immobilien in Thailand<\/a> und in \u00dcbersee betreffen.<\/p>\n\n<p><strong>Wenn Sie die steuerrechtliche Expertise des Frank Legal &amp; Tax Teams in Anspruch nehmen m\u00f6chten, rufen Sie an unter <strong>+66 (0)2 026 3284<\/strong> oder senden Sie eine E-Mail an <\/strong><a href=\"mailto:info@franklegaltax.com\"><strong>info@franklegaltax.com<\/strong><\/a><strong>. We look forward to hearing from you.<\/strong><\/p>\n\n<div class=\"wp-block-group is-vertical is-content-justification-center is-nowrap is-layout-flex wp-container-core-group-is-layout-e862386f wp-block-group-is-layout-flex\">\n<div style=\"height:0px\" aria-hidden=\"true\" class=\"wp-block-spacer wp-container-content-b30579f5\"><\/div>\n\n\n\n<hr class=\"wp-block-separator has-alpha-channel-opacity\"\/>\n\n\n\n<div style=\"height:0px\" aria-hidden=\"true\" class=\"wp-block-spacer wp-container-content-b30579f5\"><\/div>\n\n\n\n<h2 class=\"wp-block-heading has-text-align-center wp-container-content-16d1eb73\" id=\"h-related-expertise\">Verwandtes Fachwissen<\/h2>\n\n\n\n<div class=\"wp-block-columns is-layout-flex wp-container-core-columns-is-layout-9d6595d7 wp-block-columns-is-layout-flex\">\n<div class=\"wp-block-column is-layout-flow wp-block-column-is-layout-flow\" style=\"flex-basis:100%\">\n<div class=\"wp-block-group is-content-justification-center is-nowrap is-layout-flex wp-container-core-group-is-layout-94bc23d7 wp-block-group-is-layout-flex\">\n<div class=\"wp-block-buttons has-custom-font-size related-button is-content-justification-center is-layout-flex wp-container-core-buttons-is-layout-16018d1d wp-block-buttons-is-layout-flex\" style=\"font-size:19px;text-decoration:none\">\n<div class=\"wp-block-button is-style-outline is-style-outline--1\"><a class=\"wp-block-button__link has-white-background-color has-text-color has-background wp-element-button\" href=\"https:\/\/franklegaltax.com\/services\/gmbh-buchfuhrung-und-bilanzierung\/?lang=de\" style=\"border-radius:0px;color:#18509f\">Buchhaltung &amp; Buchf\u00fchrung<\/a><\/div>\n\n\n\n<div class=\"wp-block-button is-style-outline is-style-outline--2\"><a class=\"wp-block-button__link has-white-background-color has-text-color has-background wp-element-button\" href=\"https:\/\/franklegaltax.com\/services\/markteintritt-und-lizensierung\/?lang=de\" style=\"border-radius:0px;color:#18509f\">Markteintritt &amp; Lizenzierung<\/a><\/div>\n\n\n\n<div class=\"wp-block-button is-style-outline is-style-outline--3\"><a class=\"wp-block-button__link has-white-background-color has-text-color has-background wp-element-button\" href=\"https:\/\/franklegaltax.com\/services\/corporate-and-commercial\/\" style=\"border-radius:0px;color:#18509f\">Gesellschafts- und Handelsrecht<\/a><\/div>\n\n\n\n<div class=\"wp-block-button is-style-outline is-style-outline--4\"><a class=\"wp-block-button__link has-white-background-color has-text-color has-background wp-element-button\" href=\"https:\/\/franklegaltax.com\/services\/corporate-transactions\/?lang=de\" style=\"border-radius:0px;color:#18509f\">Unternehmenstransaktionen<\/a><\/div>\n<\/div>\n<\/div>\n<\/div>\n<\/div>\n<\/div>\n","protected":false},"excerpt":{"rendered":"<p>Rechtsanw\u00e4lte f\u00fcr Steuerberatung in Bangkok &amp; Thailand Sollten Sie Beratung in Steuerangelegenheiten mit Bezug zu Thailand oder auf internationaler Ebene ben\u00f6tigen, verf\u00fcgt das FRANK Legal &amp; Tax Team \u00fcber Fachwissen, das das gesamte Spektrum des nationalen und internationalen Steuerrechts abdeckt. Wir sind darauf spezialisiert, innovative, ma\u00dfgeschneiderte Steuerl\u00f6sungen f\u00fcr komplexe Strukturen zu entwickeln, die von talentierten&#8230;<\/p>\n","protected":false},"author":13,"featured_media":4001,"parent":1036,"menu_order":0,"comment_status":"closed","ping_status":"closed","template":"","meta":{"_acf_changed":false,"_kad_blocks_custom_css":"","_kad_blocks_head_custom_js":"","_kad_blocks_body_custom_js":"","_kad_blocks_footer_custom_js":"","_kadence_starter_templates_imported_post":false,"_kad_post_transparent":"","_kad_post_title":"","_kad_post_layout":"","_kad_post_sidebar_id":"","_kad_post_content_style":"","_kad_post_vertical_padding":"","_kad_post_feature":"","_kad_post_feature_position":"","_kad_post_header":false,"_kad_post_footer":false,"footnotes":""},"class_list":["post-1044","page","type-page","status-publish","has-post-thumbnail","hentry"],"acf":[],"taxonomy_info":[],"featured_image_src_large":["https:\/\/franklegaltax.com\/wp-content\/uploads\/2020\/05\/BG-Expertise-1.jpg",1290,571,false],"author_info":{"display_name":"Karl Luckwald","author_link":"https:\/\/franklegaltax.com\/de\/author\/karl-luckwald\/"},"comment_info":0,"_links":{"self":[{"href":"https:\/\/franklegaltax.com\/de\/wp-json\/wp\/v2\/pages\/1044","targetHints":{"allow":["GET"]}}],"collection":[{"href":"https:\/\/franklegaltax.com\/de\/wp-json\/wp\/v2\/pages"}],"about":[{"href":"https:\/\/franklegaltax.com\/de\/wp-json\/wp\/v2\/types\/page"}],"author":[{"embeddable":true,"href":"https:\/\/franklegaltax.com\/de\/wp-json\/wp\/v2\/users\/13"}],"replies":[{"embeddable":true,"href":"https:\/\/franklegaltax.com\/de\/wp-json\/wp\/v2\/comments?post=1044"}],"version-history":[{"count":4,"href":"https:\/\/franklegaltax.com\/de\/wp-json\/wp\/v2\/pages\/1044\/revisions"}],"predecessor-version":[{"id":12248,"href":"https:\/\/franklegaltax.com\/de\/wp-json\/wp\/v2\/pages\/1044\/revisions\/12248"}],"up":[{"embeddable":true,"href":"https:\/\/franklegaltax.com\/de\/wp-json\/wp\/v2\/pages\/1036"}],"wp:featuredmedia":[{"embeddable":true,"href":"https:\/\/franklegaltax.com\/de\/wp-json\/wp\/v2\/media\/4001"}],"wp:attachment":[{"href":"https:\/\/franklegaltax.com\/de\/wp-json\/wp\/v2\/media?parent=1044"}],"curies":[{"name":"wp","href":"https:\/\/api.w.org\/{rel}","templated":true}]}}