{"id":1048,"date":"2012-12-15T00:00:00","date_gmt":"2012-12-15T00:00:00","guid":{"rendered":"https:\/\/franklegaltax.com\/impressum\/"},"modified":"2020-06-12T17:51:48","modified_gmt":"2020-06-12T17:51:48","slug":"impressum","status":"publish","type":"page","link":"https:\/\/franklegaltax.com\/de\/impressum\/","title":{"rendered":"Impressum"},"content":{"rendered":"\n<p>FRANK Legal &amp; Tax Ltd. ist ausschlie\u00dflich in Thailand rechtsberatend t\u00e4tig. Um Transparenz zu gew\u00e4hrleisten ver\u00f6ffentlichen wir hier dennoch folgende nach dem \u00a7 5 des deutschen TMG erforderliche Angaben:<\/p>\n\n\n\n<p><strong>Name:<\/strong><\/p>\n\n\n\n<p>FRANK Legal &amp; Tax Ltd.<\/p>\n\n\n\n<p><strong>Rechtsform:<\/strong><\/p>\n\n\n\n<p>Haftungsbeschr\u00e4nkte Gesellschaft nach thail\u00e4ndischem Privatrecht (\u201eCo. Ltd.\u201c)<\/p>\n\n\n\n<p><strong>Gesellschaftssitz:<\/strong><\/p>\n\n\n\n<p>208. Stock, 208 Wireless Road Building, Wireless Road, Lumpini, Pathumwan, Bangkok 10330, Thailand<\/p>\n\n\n\n<p><strong>Register-Nummer:<\/strong><\/p>\n\n\n\n<p>0105555172663 (Ministry of Commerce, Bangkok)<\/p>\n\n\n\n<p><strong>Stammkapital:<\/strong><\/p>\n\n\n\n<p>THB 4,000,000<\/p>\n\n\n\n<p><strong>Gesch\u00e4ftsf\u00fchrer:<\/strong><\/p>\n\n\n\n<p>Fabian Doppler (beim OLG Stuttgart zugelassener Rechtsanwalt)<\/p>\n\n\n\n<p><strong>Email-Adresse:<\/strong><\/p>\n\n\n\n<p><a href=\"mailto:info@franklegaltax.com\">info@franklegaltax.com<\/a><\/p>\n","protected":false},"excerpt":{"rendered":"<p>FRANK Legal &amp; Tax Ltd. ist ausschlie\u00dflich in Thailand rechtsberatend t\u00e4tig. Um Transparenz zu gew\u00e4hrleisten ver\u00f6ffentlichen wir hier dennoch folgende nach dem \u00a7 5 des deutschen TMG erforderliche Angaben: Name: FRANK Legal &amp; Tax Ltd. Rechtsform: Haftungsbeschr\u00e4nkte Gesellschaft nach thail\u00e4ndischem Privatrecht (\u201eCo. Ltd.\u201c) Gesellschaftssitz: 208. Stock, 208 Wireless Road Building, Wireless Road, Lumpini, Pathumwan, Bangkok&#8230;<\/p>\n","protected":false},"author":13,"featured_media":0,"parent":0,"menu_order":0,"comment_status":"closed","ping_status":"closed","template":"","meta":{"_acf_changed":false,"_kad_blocks_custom_css":"","_kad_blocks_head_custom_js":"","_kad_blocks_body_custom_js":"","_kad_blocks_footer_custom_js":"","_kadence_starter_templates_imported_post":false,"_kad_post_transparent":"","_kad_post_title":"","_kad_post_layout":"","_kad_post_sidebar_id":"","_kad_post_content_style":"","_kad_post_vertical_padding":"","_kad_post_feature":"","_kad_post_feature_position":"","_kad_post_header":false,"_kad_post_footer":false,"footnotes":""},"class_list":["post-1048","page","type-page","status-publish","hentry"],"acf":[],"taxonomy_info":[],"featured_image_src_large":false,"author_info":{"display_name":"Karl Luckwald","author_link":"https:\/\/franklegaltax.com\/de\/author\/karl-luckwald\/"},"comment_info":0,"_links":{"self":[{"href":"https:\/\/franklegaltax.com\/de\/wp-json\/wp\/v2\/pages\/1048","targetHints":{"allow":["GET"]}}],"collection":[{"href":"https:\/\/franklegaltax.com\/de\/wp-json\/wp\/v2\/pages"}],"about":[{"href":"https:\/\/franklegaltax.com\/de\/wp-json\/wp\/v2\/types\/page"}],"author":[{"embeddable":true,"href":"https:\/\/franklegaltax.com\/de\/wp-json\/wp\/v2\/users\/13"}],"replies":[{"embeddable":true,"href":"https:\/\/franklegaltax.com\/de\/wp-json\/wp\/v2\/comments?post=1048"}],"version-history":[{"count":0,"href":"https:\/\/franklegaltax.com\/de\/wp-json\/wp\/v2\/pages\/1048\/revisions"}],"wp:attachment":[{"href":"https:\/\/franklegaltax.com\/de\/wp-json\/wp\/v2\/media?parent=1048"}],"curies":[{"name":"wp","href":"https:\/\/api.w.org\/{rel}","templated":true}]}}