{"id":1052,"date":"2018-06-11T00:00:00","date_gmt":"2018-06-11T00:00:00","guid":{"rendered":"https:\/\/franklegaltax.com\/datenschutz\/"},"modified":"2024-09-17T17:24:27","modified_gmt":"2024-09-17T10:24:27","slug":"datenschutz","status":"publish","type":"page","link":"https:\/\/franklegaltax.com\/de\/datenschutz\/","title":{"rendered":"Datenschutz"},"content":{"rendered":"<style>.kb-row-layout-id1052_817ed9-aa > .kt-row-column-wrap{align-content:start;}:where(.kb-row-layout-id1052_817ed9-aa > .kt-row-column-wrap) > .wp-block-kadence-column{justify-content:start;}.kb-row-layout-id1052_817ed9-aa > .kt-row-column-wrap{column-gap:var(--global-kb-gap-md, 2rem);row-gap:var(--global-kb-gap-md, 2rem);padding-top:var(--global-kb-spacing-lg, 3rem);padding-bottom:var(--global-kb-spacing-lg, 3rem);grid-template-columns:minmax(0, 1fr);}.kb-row-layout-id1052_817ed9-aa > .kt-row-layout-overlay{opacity:0.30;}@media all and (max-width: 1024px){.kb-row-layout-id1052_817ed9-aa > .kt-row-column-wrap{grid-template-columns:minmax(0, 1fr);}}@media all and (max-width: 767px){.kb-row-layout-id1052_817ed9-aa > .kt-row-column-wrap{grid-template-columns:minmax(0, 1fr);}}<\/style><div class=\"kb-row-layout-wrap kb-row-layout-id1052_817ed9-aa alignnone wp-block-kadence-rowlayout\"><div class=\"kt-row-column-wrap kt-has-1-columns kt-row-layout-equal kt-tab-layout-inherit kt-mobile-layout-row kt-row-valign-top\">\n<style>.kadence-column1052_600962-1c > .kt-inside-inner-col,.kadence-column1052_600962-1c > .kt-inside-inner-col:before{border-top-left-radius:0px;border-top-right-radius:0px;border-bottom-right-radius:0px;border-bottom-left-radius:0px;}.kadence-column1052_600962-1c > .kt-inside-inner-col{column-gap:var(--global-kb-gap-sm, 1rem);}.kadence-column1052_600962-1c > .kt-inside-inner-col{flex-direction:column;}.kadence-column1052_600962-1c > .kt-inside-inner-col > .aligncenter{width:100%;}.kadence-column1052_600962-1c > .kt-inside-inner-col:before{opacity:0.3;}.kadence-column1052_600962-1c{position:relative;}@media all and (max-width: 1024px){.kadence-column1052_600962-1c > .kt-inside-inner-col{flex-direction:column;justify-content:center;}}@media all and (max-width: 767px){.kadence-column1052_600962-1c > .kt-inside-inner-col{flex-direction:column;justify-content:center;}}<\/style>\n<div class=\"wp-block-kadence-column kadence-column1052_600962-1c\"><div class=\"kt-inside-inner-col\"><style>.wp-block-kadence-advancedheading.kt-adv-heading1052_0c43bd-ff, .wp-block-kadence-advancedheading.kt-adv-heading1052_0c43bd-ff[data-kb-block=\"kb-adv-heading1052_0c43bd-ff\"]{font-style:normal;}.wp-block-kadence-advancedheading.kt-adv-heading1052_0c43bd-ff mark.kt-highlight, .wp-block-kadence-advancedheading.kt-adv-heading1052_0c43bd-ff[data-kb-block=\"kb-adv-heading1052_0c43bd-ff\"] mark.kt-highlight{font-style:normal;color:#f76a0c;-webkit-box-decoration-break:clone;box-decoration-break:clone;padding-top:0px;padding-right:0px;padding-bottom:0px;padding-left:0px;}<\/style>\n<h1 class=\"kt-adv-heading1052_0c43bd-ff wp-block-kadence-advancedheading\" data-kb-block=\"kb-adv-heading1052_0c43bd-ff\">Erkl\u00e4rung zum Datenschutz<\/h1>\n\n\n\n<p>Informationen \u00fcber die Verarbeitung personenbezogener Daten<\/p>\n\n\n\n<p><strong>I. Verantwortliche und Datenschutzbeauftragter<\/strong><\/p>\n\n\n\n<p>1. Verantwortliche gem\u00e4\u00df Artikel 4 Absatz 7 DSGVO<\/p>\n\n\n\n<p>FRANK Legal &amp; Tax<br>Unit 1104,<br>208 Wireless Road, Lumpini, Pathumwan<br>Bangkok 10330, Thailand<br>Tel: +66 (0)2 117 9131-2<br>Fax: +66 (0)2 117 9618<br><a href=\"mailto:info@franklegaltax.com\">info@franklegaltax.com<\/a><br><a href=\"https:\/\/franklegaltax.com\/?lang=de\">https:\/\/franklegaltax.com\/<\/a><\/p>\n\n\n\n<p>2. Kontakt Datenschutzbeauftragter<\/p>\n\n\n\n<p>a. info@franklegaltax.com &#8211; Betreff \u201eDatenschutzbeauftragter\u201c oder<\/p>\n\n\n\n<p>b. FRANK Legal&amp;Tax \u2013 Datenschutzbeauftragter, Unit 1104, 208 Wireless Road, Lumpini, Pathumwan, Bangkok 10330, Thailand<\/p>\n\n\n\n<p><strong>II. Allgemeines zur Datenverarbeitung<\/strong><\/p>\n\n\n\n<p>1. Umfang, Zweck und Rechtsgrundlage der Verarbeitung personenbezogener Daten<\/p>\n\n\n\n<p>Wir verarbeiten personenbezogene Daten unserer Nutzer grunds\u00e4tzlich nur, soweit dies zur Bereitstellung einer funktionsf\u00e4higen Website sowie unserer Inhalte und Leistungen erforderlich ist. Bei Kontaktaufnahme per E-Mail werden die folgenden, von Ihnen angegebenen Daten gespeichert:<\/p>\n\n\n\n<p>\u2022 E-Mail Adresse<br>\u2022 Vor- und Zuname<br>\u2022 Ggf. Telefonnummer<br>\u2022 Ggf. Angaben zur Adresse<\/p>\n\n\n\n<p>Die genannten Daten werden gespeichert, um vorvertragliche Ma\u00dfnahmen und Vertr\u00e4ge zu erf\u00fcllen (Artikel 6 Absatz 1 lit. b). Unter dem Begriff \u201evorvertragliche Ma\u00dfnahmen\u201c ist das Beantworten von Anfragen und das Zusenden von Informationsmaterial im Hinblick auf solche Anfragen zu verstehen. F\u00fcr alle anderen F\u00e4lle der Verarbeitung personenbezogener Daten dient Artikel 6 DSGVO als Rechtsgrundlage.<\/p>\n\n\n\n<p>2. Rechte<\/p>\n\n\n\n<p>a. Die Rechte der von der Verarbeitung der Daten betroffenen Person ergeben sich aus Artikel 15 ff. DSGVO. Diese Rechte beziehen sich auch auf die untenstehenden einzelnen Datenverarbeitungsvorg\u00e4nge und erfassen:<\/p>\n\n\n\n<p>\u2022 Auskunftsrecht, Art. 15 DSGVO<br>\u2022 Berichtigungsrecht, Art. 16 DSGVO<br>\u2022 Recht auf L\u00f6schung, Art. 17 DSGVO<br>\u2022 Recht auf Einschr\u00e4nkung, Art. 18 DSGVO<br>\u2022 Recht auf Daten\u00fcbertragbarkeit, Art. 20 DSGVO<br>\u2022 Widerspruchsrecht, Art. 21 DSGVO<\/p>\n\n\n\n<p>b. Dar\u00fcber hinaus besteht das Recht auf Beschwerde bei einer Aufsichtsbeh\u00f6rde gem\u00e4\u00df Artikel 77 DSGVO.<\/p>\n\n\n\n<p><strong>III. Datenverarbeitungsvorg\u00e4nge<\/strong><\/p>\n\n\n\n<p>1. Bereitstellung der Website<\/p>\n\n\n\n<p>Bei jedem Aufruf unserer Internetseite erfasst unser System automatisiert Daten und Informationen vom Computersystem des aufrufenden Rechners. Folgende Daten werden hierbei erhoben:<\/p>\n\n\n\n<p>\u2022 Browsertyp-Informationen und die verwendete Version<br>\u2022 Betriebssystem des Nutzers<br>\u2022 Internet-Service-Provider des Nutzers<br>\u2022 IP-Adresse<br>\u2022 Datum und Uhrzeit des Zugriffs<br>\u2022 Websites, von denen der Nutzer auf die Internetseite gelangt<br>\u2022 Inhalte, die vom Nutzer aufgerufen werden<\/p>\n\n\n\n<p>Rechtsgrundlage f\u00fcr die vor\u00fcbergehende Speicherung der Daten ist Art. 6 Abs. 1 lit. f DSGVO. Die vor\u00fcbergehende Speicherung der IP-Adresse durch das System ist notwendig, um eine Auslieferung der Website an den Rechner des Nutzers zu erm\u00f6glichen. Hierf\u00fcr muss die IP-Adresse des Nutzers f\u00fcr die Dauer der Sitzung gespeichert bleiben. Die Erfassung der Daten zur Bereitstellung der Website ist f\u00fcr den Betrieb der Internetseite zwingend erforderlich. Es besteht folglich seitens des Nutzers keine Widerspruchsm\u00f6glichkeit.<\/p>\n\n\n\n<p>2. Verwendung von Cookies<\/p>\n\n\n\n<p>Unsere Webseite verwendet Cookies. Bei Cookies handelt es sich um Textdateien, die im Internetbrowser bzw. vom Internetbrowser auf dem Computersystem des Nutzers beim Aufrufen der Website gespeichert werden. Anhand der Cookies wird eine eindeutige Identifizierung des Browsers beim erneuten Aufruf der Website erm\u00f6glicht. Durch den Einsatz von Cookies soll die Website nutzerfreundlicher gestaltet werden. Es werden die in diesem Zusammenhang \u00fcblichen Daten in den Cookies gespeichert und \u00fcbermittelt. Die Rechtsgrundlage f\u00fcr die Verarbeitung personenbezogener Daten unter Verwendung von Cookies ist Art. 6 Abs. 1 lit. f DSGVO. Die Verwendung technisch notwendiger Cookies soll die Website-Nutzung vereinfachen. Einige Funktionen der Internetseite k\u00f6nnen ohne den Einsatz von Cookies nicht angeboten werden. F\u00fcr diese ist es erforderlich, dass der Browser auch nach einem Seitenwechsel wiedererkannt wird. Die durch technisch notwendige Cookies erhobenen Nutzerdaten werden nicht zur Erstellung von Nutzerprofilen verwendet. Cookies werden auf dem Rechner des Nutzers gespeichert und von diesem an die Website \u00fcbermittelt. Der Nutzer kann die Verwendung von Cookies kontrollieren. Durch eine \u00c4nderung der Einstellungen im Internetbrowser kann die \u00dcbertragung von Cookies deaktiviert oder eingeschr\u00e4nkt werden. Bereits gespeicherte Cookies k\u00f6nnen jederzeit gel\u00f6scht werden.<\/p>\n\n\n\n<p>3. Newsletter<\/p>\n\n\n\n<p>Mit Newsletter-Anmeldung auf der Website https:\/\/franklegaltax.com\/contact\/ erfolgt der Versand. Bei der Anmeldung zum kostenfreien Newsletter werden folgende Daten aus der Eingabemaske an uns \u00fcbermittelt:<\/p>\n\n\n\n<p>\u2022 Vor- und Zuname<br>\u2022 E-Mail Adresse<\/p>\n\n\n\n<p>Des Weiteren werden folgende Daten erhoben:<\/p>\n\n\n\n<p>\u2022 IP-Adresse des aufrufenden Rechners<br>\u2022 Datum und Uhrzeit der Registrierung<\/p>\n\n\n\n<p>Beim Anmeldevorgang wird die Einwilligung des Nutzers zur Datenverarbeitung unter Verweis auf diese Datenschutzererkl\u00e4rung eingeholt. Eine Weitergabe der Daten an Dritte erfolgt nicht. Die Daten werden ausschlie\u00dflich f\u00fcr den Versand des Newsletters verwendet. Es erfolgt keine Weitergabe der verarbeiteten personenbezogenen Daten an Dritte. Die Daten werden ausschlie\u00dflich f\u00fcr den Versand des Newsletters verwendet. Rechtsgrundlage f\u00fcr die Verarbeitung der Daten nach Anmeldung und Einwilligung zum Newsletters durch den Nutzer ist Art. 6 Abs. 1 lit. a DSGVO. Die Erhebung der E-Mail-Adresse des Nutzers dient dazu, den Newsletter zuzustellen. Das Abonnement des Newsletters kann durch den Nutzer jederzeit gek\u00fcndigt werden. Zu diesem Zweck findet sich in jedem Newsletter ein entsprechender Link.<\/p>\n\n\n\n<p>4. Kontaktformular<\/p>\n\n\n\n<p>Auf der Internetseite ist ein Kontaktformular vorhanden, welches f\u00fcr die elektronische Kontaktaufnahme genutzt werden kann. Dabei werden Daten, die in die Eingabemaske eingegeben werden \u00fcbermittelt und gespeichert. Diese Daten sind:<\/p>\n\n\n\n<p>\u2022 Vor- und Zuname<br>\u2022 E-Mail-Adresse<br>\u2022 Betreff und Inhalt der Anfrage<\/p>\n\n\n\n<p>Im Zeitpunkt der Absendung der Nachricht werden zudem folgende Daten gespeichert:<\/p>\n\n\n\n<p>\u2022 IP-Adresse<br>\u2022 Datum und Uhrzeit<\/p>\n\n\n\n<p>Es erfolgt keine Weitergabe der Daten an Dritte. Die Daten werden ausschlie\u00dflich f\u00fcr die Verarbeitung der Konversation verwendet. Rechtsgrundlage f\u00fcr die Verarbeitung der Daten im Rahmen der Kontataufnahme ist Artikel 6 Absatz 1 lit. f DSGVO. Zielt der E-Mail-Kontakt auf den Abschluss eines Vertrages ab, so ist zus\u00e4tzliche Rechtsgrundlage f\u00fcr die Verarbeitung Art. 6 Abs. 1 lit. b DSGVO. Die Verarbeitung der personenbezogenen Daten aus der Eingabemaske dient allein zur Bearbeitung der Kontaktaufnahme. Die sonstigen w\u00e4hrend des Absendevorgangs verarbeiteten personenbezogenen Daten dienen dazu, einen Missbrauch des Kontaktformulars zu verhindern und die Sicherheit unserer informationstechnischen Systeme sicherzustellen. Der Nutzer kann der Speicherung seiner personenbezogenen Daten jederzeit widersprechen. In einem solchen Fall kann die Konversation nicht fortgef\u00fchrt werden. Der Widerpruch ist an die Datenschutzbeauftragten unter I. Verantwortliche und Datenschutzbeauftragte zu richten. Alle personenbezogenen Daten, die im Zuge der Kontaktaufnahme gespeichert wurden, werden dann gel\u00f6scht.<\/p>\n\n\n\n<p>5. Webanalyse<\/p>\n\n\n\n<p>Zur Analyse der Website-Nutzung wird Google Analytics, ein Webanalysedienst der Goolgle Inc. eingesetzt. Die Nutzungs-Informationen werden durch den Einsatz von Cookies an einen Server in den USA \u00fcbermittelt und gespeichert. Die Erfassung dieser Daten (inkl. Ihrer IP-Adresse) sowie die Verarbeitung dieser Daten durch Google kann durch das Installieren des folgenden Browser-Plugin verhindert werden:<\/p>\n\n\n\n<p><a href=\"https:\/\/tools.google.com\/dlpage\/gaoptout?hl=de\" target=\"_blank\" rel=\"noopener\">https:\/\/tools.google.com\/dlpage\/gaoptout?hl=de<\/a><\/p>\n\n\n\n<p>Au\u00dferdem kann die Speicherung der Cookies durch entsprechende Browser-Einstellung unterbunden werden. Zweck und Interesse der Datenerhebnung \u00fcber Google Analytics ist eine effizientere Gestaltung der Website. Rechtsgrundlage f\u00fcr die Verarbeitung der Daten \u00fcber Googe Analytics ist Art. 6 Abs. 1 lit. f DSGVO.<\/p>\n<\/div><\/div>\n\n<\/div><\/div>","protected":false},"excerpt":{"rendered":"<p>Erkl\u00e4rung zum Datenschutz Informationen \u00fcber die Verarbeitung personenbezogener Daten I. Verantwortliche und Datenschutzbeauftragter 1. Verantwortliche gem\u00e4\u00df Artikel 4 Absatz 7 DSGVO FRANK Legal &amp; TaxUnit 1104,208 Wireless Road, Lumpini, PathumwanBangkok 10330, ThailandTel: +66 (0)2 117 9131-2Fax: +66 (0)2 117 9618info@franklegaltax.comhttps:\/\/franklegaltax.com\/ 2. Kontakt Datenschutzbeauftragter a. info@franklegaltax.com &#8211; Betreff \u201eDatenschutzbeauftragter\u201c oder b. FRANK Legal&amp;Tax \u2013 Datenschutzbeauftragter, Unit&#8230;<\/p>\n","protected":false},"author":13,"featured_media":0,"parent":0,"menu_order":0,"comment_status":"closed","ping_status":"closed","template":"","meta":{"_acf_changed":false,"_kad_blocks_custom_css":"","_kad_blocks_head_custom_js":"","_kad_blocks_body_custom_js":"","_kad_blocks_footer_custom_js":"","_kadence_starter_templates_imported_post":false,"_kad_post_transparent":"","_kad_post_title":"","_kad_post_layout":"","_kad_post_sidebar_id":"","_kad_post_content_style":"","_kad_post_vertical_padding":"","_kad_post_feature":"","_kad_post_feature_position":"","_kad_post_header":false,"_kad_post_footer":false,"footnotes":""},"class_list":["post-1052","page","type-page","status-publish","hentry"],"acf":[],"taxonomy_info":[],"featured_image_src_large":false,"author_info":{"display_name":"Karl Luckwald","author_link":"https:\/\/franklegaltax.com\/de\/author\/karl-luckwald\/"},"comment_info":0,"_links":{"self":[{"href":"https:\/\/franklegaltax.com\/de\/wp-json\/wp\/v2\/pages\/1052","targetHints":{"allow":["GET"]}}],"collection":[{"href":"https:\/\/franklegaltax.com\/de\/wp-json\/wp\/v2\/pages"}],"about":[{"href":"https:\/\/franklegaltax.com\/de\/wp-json\/wp\/v2\/types\/page"}],"author":[{"embeddable":true,"href":"https:\/\/franklegaltax.com\/de\/wp-json\/wp\/v2\/users\/13"}],"replies":[{"embeddable":true,"href":"https:\/\/franklegaltax.com\/de\/wp-json\/wp\/v2\/comments?post=1052"}],"version-history":[{"count":3,"href":"https:\/\/franklegaltax.com\/de\/wp-json\/wp\/v2\/pages\/1052\/revisions"}],"predecessor-version":[{"id":13975,"href":"https:\/\/franklegaltax.com\/de\/wp-json\/wp\/v2\/pages\/1052\/revisions\/13975"}],"wp:attachment":[{"href":"https:\/\/franklegaltax.com\/de\/wp-json\/wp\/v2\/media?parent=1052"}],"curies":[{"name":"wp","href":"https:\/\/api.w.org\/{rel}","templated":true}]}}