{"id":13135,"date":"2024-08-27T17:58:09","date_gmt":"2024-08-27T10:58:09","guid":{"rendered":"https:\/\/franklegaltax.com\/dankeschon-fur-die-kontaktaufnahme\/"},"modified":"2025-06-03T12:09:33","modified_gmt":"2025-06-03T05:09:33","slug":"dankeschon-fur-die-kontaktaufnahme","status":"publish","type":"page","link":"https:\/\/franklegaltax.com\/de\/dankeschon-fur-die-kontaktaufnahme\/","title":{"rendered":"Vielen Dank f\u00fcr Ihre Kontaktaufnahme"},"content":{"rendered":"<style>.kb-row-layout-id13135_1e5dce-46 > .kt-row-column-wrap{align-content:start;}:where(.kb-row-layout-id13135_1e5dce-46 > .kt-row-column-wrap) > .wp-block-kadence-column{justify-content:start;}.kb-row-layout-id13135_1e5dce-46 > .kt-row-column-wrap{column-gap:var(--global-kb-gap-md, 2rem);row-gap:var(--global-kb-gap-md, 2rem);max-width:var( --global-content-width, 1290px );padding-left:var(--global-content-edge-padding);padding-right:var(--global-content-edge-padding);padding-top:var(--global-kb-spacing-3xl, 6.5rem);padding-bottom:var(--global-kb-spacing-3xl, 6.5rem);grid-template-columns:minmax(0, calc(50% - ((var(--global-kb-gap-md, 2rem) * 1 )\/2)))minmax(0, calc(50% - ((var(--global-kb-gap-md, 2rem) * 1 )\/2)));}.kb-row-layout-id13135_1e5dce-46 > .kt-row-layout-overlay{opacity:0.30;}@media all and (max-width: 1024px){.kb-row-layout-id13135_1e5dce-46 > .kt-row-column-wrap{padding-top:var(--global-kb-spacing-xl, 4rem);padding-bottom:var(--global-kb-spacing-lg, 3rem);grid-template-columns:minmax(0, 1fr);}}@media all and (max-width: 767px){.kb-row-layout-id13135_1e5dce-46 > .kt-row-column-wrap{padding-top:var(--global-kb-spacing-lg, 3rem);padding-bottom:var(--global-kb-spacing-lg, 3rem);grid-template-columns:minmax(0, 1fr);}}<\/style><div class=\"kb-row-layout-wrap kb-row-layout-id13135_1e5dce-46 alignfull has-theme-palette1-background-color kt-row-has-bg wp-block-kadence-rowlayout\"><div class=\"kt-row-column-wrap kt-has-2-columns kt-row-layout-equal kt-tab-layout-row kt-mobile-layout-row kt-row-valign-top kb-theme-content-width\">\n<style>.kadence-column13135_7e29ef-98 > .kt-inside-inner-col{display:flex;}.kadence-column13135_7e29ef-98 > .kt-inside-inner-col,.kadence-column13135_7e29ef-98 > .kt-inside-inner-col:before{border-top-left-radius:0px;border-top-right-radius:0px;border-bottom-right-radius:0px;border-bottom-left-radius:0px;}.kadence-column13135_7e29ef-98 > .kt-inside-inner-col{column-gap:var(--global-kb-gap-sm, 1rem);}.kadence-column13135_7e29ef-98 > .kt-inside-inner-col{flex-direction:column;justify-content:flex-start;}.kadence-column13135_7e29ef-98 > .kt-inside-inner-col > .aligncenter{width:100%;}.kt-row-column-wrap > .kadence-column13135_7e29ef-98{align-self:flex-start;}.kt-inner-column-height-full:not(.kt-has-1-columns) > .wp-block-kadence-column.kadence-column13135_7e29ef-98{align-self:auto;}.kt-inner-column-height-full:not(.kt-has-1-columns) > .wp-block-kadence-column.kadence-column13135_7e29ef-98 > .kt-inside-inner-col{flex-direction:column;justify-content:flex-start;}.kadence-column13135_7e29ef-98 > .kt-inside-inner-col:before{opacity:0.3;}.kadence-column13135_7e29ef-98{position:relative;}@media all and (max-width: 1024px){.kt-row-column-wrap > .kadence-column13135_7e29ef-98{align-self:flex-start;}}@media all and (max-width: 1024px){.kt-inner-column-height-full:not(.kt-has-1-columns) > .wp-block-kadence-column.kadence-column13135_7e29ef-98{align-self:auto;}}@media all and (max-width: 1024px){.kt-inner-column-height-full:not(.kt-has-1-columns) > .wp-block-kadence-column.kadence-column13135_7e29ef-98 > .kt-inside-inner-col{flex-direction:column;justify-content:flex-start;}}@media all and (max-width: 1024px){.kadence-column13135_7e29ef-98 > .kt-inside-inner-col{flex-direction:column;justify-content:flex-start;}}@media all and (max-width: 767px){.kt-row-column-wrap > .kadence-column13135_7e29ef-98{align-self:flex-start;}.kt-inner-column-height-full:not(.kt-has-1-columns) > .wp-block-kadence-column.kadence-column13135_7e29ef-98{align-self:auto;}.kt-inner-column-height-full:not(.kt-has-1-columns) > .wp-block-kadence-column.kadence-column13135_7e29ef-98 > .kt-inside-inner-col{flex-direction:column;justify-content:flex-start;}.kadence-column13135_7e29ef-98 > .kt-inside-inner-col{flex-direction:column;justify-content:flex-start;}}<\/style>\n<div class=\"wp-block-kadence-column kadence-column13135_7e29ef-98\"><div class=\"kt-inside-inner-col\"><style>.wp-block-kadence-advancedheading.kt-adv-heading13135_8ff8a1-b0, .wp-block-kadence-advancedheading.kt-adv-heading13135_8ff8a1-b0[data-kb-block=\"kb-adv-heading13135_8ff8a1-b0\"]{padding-bottom:0px;font-style:normal;border-top-left-radius:0px;border-top-right-radius:0px;border-bottom-right-radius:0px;border-bottom-left-radius:0px;}.wp-block-kadence-advancedheading.kt-adv-heading13135_8ff8a1-b0 mark.kt-highlight, .wp-block-kadence-advancedheading.kt-adv-heading13135_8ff8a1-b0[data-kb-block=\"kb-adv-heading13135_8ff8a1-b0\"] mark.kt-highlight{font-style:normal;color:#f76a0c;-webkit-box-decoration-break:clone;box-decoration-break:clone;padding-top:0px;padding-right:0px;padding-bottom:0px;padding-left:0px;}<\/style>\n<h2 class=\"kt-adv-heading13135_8ff8a1-b0 wp-block-kadence-advancedheading has-theme-palette-9-color has-text-color\" data-kb-block=\"kb-adv-heading13135_8ff8a1-b0\">Vielen Dank f\u00fcr Ihre Kontaktaufnahme mit FRANK Legal &amp; Tax<\/h2>\n\n\n<style>.wp-block-kadence-spacer.kt-block-spacer-13135_8aaaf8-30 .kt-block-spacer{height:6px;}.wp-block-kadence-spacer.kt-block-spacer-13135_8aaaf8-30 .kt-divider{border-top-width:5px;height:1px;border-top-color:var(--global-palette9, #ffffff);width:10%;border-top-style:solid;}<\/style>\n<div class=\"wp-block-kadence-spacer aligncenter kt-block-spacer-13135_8aaaf8-30\"><div class=\"kt-block-spacer kt-block-spacer-halign-left\"><hr class=\"kt-divider\"\/><\/div><\/div>\n\n\n<style>.wp-block-kadence-advancedheading.kt-adv-heading13135_5f8e02-1f, .wp-block-kadence-advancedheading.kt-adv-heading13135_5f8e02-1f[data-kb-block=\"kb-adv-heading13135_5f8e02-1f\"]{padding-top:var(--global-kb-spacing-xs, 1rem);padding-bottom:0px;font-style:normal;}.wp-block-kadence-advancedheading.kt-adv-heading13135_5f8e02-1f mark.kt-highlight, .wp-block-kadence-advancedheading.kt-adv-heading13135_5f8e02-1f[data-kb-block=\"kb-adv-heading13135_5f8e02-1f\"] mark.kt-highlight{font-style:normal;color:#f76a0c;-webkit-box-decoration-break:clone;box-decoration-break:clone;padding-top:0px;padding-right:0px;padding-bottom:0px;padding-left:0px;}<\/style>\n<p class=\"kt-adv-heading13135_5f8e02-1f wp-block-kadence-advancedheading has-theme-palette-9-color has-text-color\" data-kb-block=\"kb-adv-heading13135_5f8e02-1f\">Wir haben Ihre Nachricht erhalten und pr\u00fcfen gerade Ihren potenziellen Fall.\nWenn Sie Fragen haben, k\u00f6nnen Sie uns gerne kontaktieren. <\/p>\n\n\n<style>.kb-row-layout-id13135_abba5c-5e > .kt-row-column-wrap{align-content:start;}:where(.kb-row-layout-id13135_abba5c-5e > .kt-row-column-wrap) > .wp-block-kadence-column{justify-content:start;}.kb-row-layout-id13135_abba5c-5e > .kt-row-column-wrap{column-gap:var(--global-kb-gap-md, 2rem);row-gap:var(--global-kb-gap-md, 2rem);padding-bottom:var(--global-kb-spacing-sm, 1.5rem);grid-template-columns:minmax(0, calc(40% - ((var(--global-kb-gap-md, 2rem) * 1 )\/2)))minmax(0, calc(60% - ((var(--global-kb-gap-md, 2rem) * 1 )\/2)));}.kb-row-layout-id13135_abba5c-5e > .kt-row-layout-overlay{opacity:0.30;}@media all and (max-width: 1024px){.kb-row-layout-id13135_abba5c-5e > .kt-row-column-wrap{grid-template-columns:repeat(2, minmax(0, 1fr));}}@media all and (max-width: 767px){.kb-row-layout-id13135_abba5c-5e > .kt-row-column-wrap{grid-template-columns:minmax(0, 1fr);}}<\/style><div class=\"kb-row-layout-wrap kb-row-layout-id13135_abba5c-5e alignnone wp-block-kadence-rowlayout\"><div class=\"kt-row-column-wrap kt-has-2-columns kt-row-layout-equal kt-tab-layout-inherit kt-mobile-layout-row kt-row-valign-top\">\n<style>.kadence-column13135_8d5348-07 > .kt-inside-inner-col,.kadence-column13135_8d5348-07 > .kt-inside-inner-col:before{border-top-left-radius:0px;border-top-right-radius:0px;border-bottom-right-radius:0px;border-bottom-left-radius:0px;}.kadence-column13135_8d5348-07 > .kt-inside-inner-col{column-gap:var(--global-kb-gap-sm, 1rem);}.kadence-column13135_8d5348-07 > .kt-inside-inner-col{flex-direction:column;}.kadence-column13135_8d5348-07 > .kt-inside-inner-col > .aligncenter{width:100%;}.kadence-column13135_8d5348-07 > .kt-inside-inner-col:before{opacity:0.3;}.kadence-column13135_8d5348-07{position:relative;}@media all and (max-width: 1024px){.kadence-column13135_8d5348-07 > .kt-inside-inner-col{flex-direction:column;justify-content:center;}}@media all and (max-width: 767px){.kadence-column13135_8d5348-07 > .kt-inside-inner-col{flex-direction:column;justify-content:center;}}<\/style>\n<div class=\"wp-block-kadence-column kadence-column13135_8d5348-07\"><div class=\"kt-inside-inner-col\"><style>.wp-block-kadence-column.kb-section-dir-horizontal > .kt-inside-inner-col > .kt-info-box13135_aef4b6-a8 .kt-blocks-info-box-link-wrap{max-width:unset;}.kt-info-box13135_aef4b6-a8 .kt-blocks-info-box-link-wrap{border-top-left-radius:0px;border-top-right-radius:0px;border-bottom-right-radius:0px;border-bottom-left-radius:0px;background:var(--global-palette1, #3182CE);padding-top:0px;padding-right:0px;padding-bottom:0px;padding-left:0px;}.kt-info-box13135_aef4b6-a8 .kt-blocks-info-box-link-wrap:hover{background:var(--global-palette1, #3182CE);}.kt-info-box13135_aef4b6-a8 .kadence-info-box-icon-container .kt-info-svg-icon, .kt-info-box13135_aef4b6-a8 .kt-info-svg-icon-flip, .kt-info-box13135_aef4b6-a8 .kt-blocks-info-box-number{font-size:15px;}.kt-info-box13135_aef4b6-a8 .kt-blocks-info-box-media{color:var(--global-palette9, #ffffff);background:var(--global-palette1, #3182CE);border-top-width:0px;border-right-width:0px;border-bottom-width:0px;border-left-width:0px;padding-top:5px;padding-right:5px;padding-bottom:5px;padding-left:5px;margin-top:0px;margin-right:10px;margin-bottom:0px;margin-left:0px;}.kt-info-box13135_aef4b6-a8 .kt-blocks-info-box-link-wrap:hover .kt-blocks-info-box-media{color:var(--global-palette9, #ffffff);}.kt-info-box13135_aef4b6-a8 .kt-blocks-info-box-link-wrap .kt-blocks-info-box-media{border-width:0px;box-shadow:inset 0 0 0 0px #444444;}.kt-info-box13135_aef4b6-a8 .kt-blocks-info-box-link-wrap .kt-blocks-info-box-media:before{border-width:0px;}.kt-info-box13135_aef4b6-a8 .kt-blocks-info-box-link-wrap:hover .kt-blocks-info-box-media:after{border-right-color:#444444;border-right-width:0px;border-top-width:0px;border-bottom-width:0px;}.kt-info-box13135_aef4b6-a8 .kt-blocks-info-box-link-wrap:hover .kt-blocks-info-box-media:before{border-top-color:#444444;border-right-color:#444444;border-bottom-color:#444444;}.kt-info-box13135_aef4b6-a8 .kt-infobox-textcontent h5.kt-blocks-info-box-title{color:var(--global-palette9, #ffffff);font-size:16px;padding-top:0px;padding-right:0px;padding-bottom:0px;padding-left:0px;margin-top:0px;margin-right:0px;margin-bottom:0px;margin-left:0px;}.kt-info-box13135_aef4b6-a8 .kt-blocks-info-box-link-wrap:hover h5.kt-blocks-info-box-title{color:var(--global-palette9, #ffffff);}.kt-info-box13135_aef4b6-a8 .kt-blocks-info-box-learnmore{background:transparent;border-width:0px 0px 0px 0px;padding-top:4px;padding-right:8px;padding-bottom:4px;padding-left:8px;margin-top:10px;margin-right:0px;margin-bottom:10px;margin-left:0px;}<\/style>\n<div class=\"wp-block-kadence-infobox kt-info-box13135_aef4b6-a8\"><a class=\"kt-blocks-info-box-link-wrap info-box-link kt-blocks-info-box-media-align-left kt-info-halign-left\" href=\"tel:+66020263284\"><div class=\"kt-blocks-info-box-media-container\"><div class=\"kt-blocks-info-box-media kt-info-media-animate-drawborder\"><div class=\"kadence-info-box-icon-container kt-info-icon-animate-drawborder\"><div class=\"kadence-info-box-icon-inner-container\"><span class=\"kb-svg-icon-wrap kb-svg-icon-fas_phone kt-info-svg-icon\"><svg viewBox=\"0 0 512 512\"  fill=\"currentColor\" xmlns=\"http:\/\/www.w3.org\/2000\/svg\"  aria-hidden=\"true\"><path d=\"M493.4 24.6l-104-24c-11.3-2.6-22.9 3.3-27.5 13.9l-48 112c-4.2 9.8-1.4 21.3 6.9 28l60.6 49.6c-36 76.7-98.9 140.5-177.2 177.2l-49.6-60.6c-6.8-8.3-18.2-11.1-28-6.9l-112 48C3.9 366.5-2 378.1.6 389.4l24 104C27.1 504.2 36.7 512 48 512c256.1 0 464-207.5 464-464 0-11.2-7.7-20.9-18.6-23.4z\"\/><\/svg><\/span><\/div><\/div><\/div><\/div><div class=\"kt-infobox-textcontent\"><h5 class=\"kt-blocks-info-box-title\">+66 (0)2 026 3284<\/h5><\/div><\/a><\/div>\n<\/div><\/div>\n\n\n<style>.kadence-column13135_d0d22d-c2 > .kt-inside-inner-col,.kadence-column13135_d0d22d-c2 > .kt-inside-inner-col:before{border-top-left-radius:0px;border-top-right-radius:0px;border-bottom-right-radius:0px;border-bottom-left-radius:0px;}.kadence-column13135_d0d22d-c2 > .kt-inside-inner-col{column-gap:var(--global-kb-gap-sm, 1rem);}.kadence-column13135_d0d22d-c2 > .kt-inside-inner-col{flex-direction:column;}.kadence-column13135_d0d22d-c2 > .kt-inside-inner-col > .aligncenter{width:100%;}.kadence-column13135_d0d22d-c2 > .kt-inside-inner-col:before{opacity:0.3;}.kadence-column13135_d0d22d-c2{position:relative;}@media all and (max-width: 1024px){.kadence-column13135_d0d22d-c2 > .kt-inside-inner-col{flex-direction:column;justify-content:center;}}@media all and (max-width: 767px){.kadence-column13135_d0d22d-c2 > .kt-inside-inner-col{flex-direction:column;justify-content:center;}}<\/style>\n<div class=\"wp-block-kadence-column kadence-column13135_d0d22d-c2\"><div class=\"kt-inside-inner-col\"><style>.wp-block-kadence-column.kb-section-dir-horizontal > .kt-inside-inner-col > .kt-info-box13135_ad1840-99 .kt-blocks-info-box-link-wrap{max-width:unset;}.kt-info-box13135_ad1840-99 .kt-blocks-info-box-link-wrap{border-top-left-radius:0px;border-top-right-radius:0px;border-bottom-right-radius:0px;border-bottom-left-radius:0px;background:var(--global-palette1, #3182CE);padding-top:0px;padding-right:0px;padding-bottom:0px;padding-left:0px;}.kt-info-box13135_ad1840-99 .kt-blocks-info-box-link-wrap:hover{background:var(--global-palette1, #3182CE);}.kt-info-box13135_ad1840-99 .kadence-info-box-icon-container .kt-info-svg-icon, .kt-info-box13135_ad1840-99 .kt-info-svg-icon-flip, .kt-info-box13135_ad1840-99 .kt-blocks-info-box-number{font-size:15px;}.kt-info-box13135_ad1840-99 .kt-blocks-info-box-media{color:var(--global-palette9, #ffffff);background:var(--global-palette1, #3182CE);border-top-width:0px;border-right-width:0px;border-bottom-width:0px;border-left-width:0px;padding-top:5px;padding-right:5px;padding-bottom:5px;padding-left:5px;margin-top:0px;margin-right:10px;margin-bottom:0px;margin-left:0px;}.kt-info-box13135_ad1840-99 .kt-blocks-info-box-link-wrap:hover .kt-blocks-info-box-media{color:var(--global-palette9, #ffffff);}.kt-info-box13135_ad1840-99 .kt-blocks-info-box-link-wrap .kt-blocks-info-box-media{border-width:0px;box-shadow:inset 0 0 0 0px #444444;}.kt-info-box13135_ad1840-99 .kt-blocks-info-box-link-wrap .kt-blocks-info-box-media:before{border-width:0px;}.kt-info-box13135_ad1840-99 .kt-blocks-info-box-link-wrap:hover .kt-blocks-info-box-media:after{border-right-color:#444444;border-right-width:0px;border-top-width:0px;border-bottom-width:0px;}.kt-info-box13135_ad1840-99 .kt-blocks-info-box-link-wrap:hover .kt-blocks-info-box-media:before{border-top-color:#444444;border-right-color:#444444;border-bottom-color:#444444;}.kt-info-box13135_ad1840-99 .kt-infobox-textcontent h5.kt-blocks-info-box-title{color:var(--global-palette9, #ffffff);font-size:16px;padding-top:0px;padding-right:0px;padding-bottom:0px;padding-left:0px;margin-top:0px;margin-right:0px;margin-bottom:0px;margin-left:0px;}.kt-info-box13135_ad1840-99 .kt-blocks-info-box-link-wrap:hover h5.kt-blocks-info-box-title{color:var(--global-palette9, #ffffff);}.kt-info-box13135_ad1840-99 .kt-blocks-info-box-learnmore{background:transparent;border-width:0px 0px 0px 0px;padding-top:4px;padding-right:8px;padding-bottom:4px;padding-left:8px;margin-top:10px;margin-right:0px;margin-bottom:10px;margin-left:0px;}<\/style>\n<div class=\"wp-block-kadence-infobox kt-info-box13135_ad1840-99\"><a class=\"kt-blocks-info-box-link-wrap info-box-link kt-blocks-info-box-media-align-left kt-info-halign-left\" href=\"mailto:info@franklegaltax.com\"><div class=\"kt-blocks-info-box-media-container\"><div class=\"kt-blocks-info-box-media kt-info-media-animate-drawborder\"><div class=\"kadence-info-box-icon-container kt-info-icon-animate-drawborder\"><div class=\"kadence-info-box-icon-inner-container\"><span class=\"kb-svg-icon-wrap kb-svg-icon-fas_envelope kt-info-svg-icon\"><svg viewBox=\"0 0 512 512\"  fill=\"currentColor\" xmlns=\"http:\/\/www.w3.org\/2000\/svg\"  aria-hidden=\"true\"><path d=\"M502.3 190.8c3.9-3.1 9.7-.2 9.7 4.7V400c0 26.5-21.5 48-48 48H48c-26.5 0-48-21.5-48-48V195.6c0-5 5.7-7.8 9.7-4.7 22.4 17.4 52.1 39.5 154.1 113.6 21.1 15.4 56.7 47.8 92.2 47.6 35.7.3 72-32.8 92.3-47.6 102-74.1 131.6-96.3 154-113.7zM256 320c23.2.4 56.6-29.2 73.4-41.4 132.7-96.3 142.8-104.7 173.4-128.7 5.8-4.5 9.2-11.5 9.2-18.9v-19c0-26.5-21.5-48-48-48H48C21.5 64 0 85.5 0 112v19c0 7.4 3.4 14.3 9.2 18.9 30.6 23.9 40.7 32.4 173.4 128.7 16.8 12.2 50.2 41.8 73.4 41.4z\"\/><\/svg><\/span><\/div><\/div><\/div><\/div><div class=\"kt-infobox-textcontent\"><h5 class=\"kt-blocks-info-box-title\">info@franklegaltax.com<\/h5><\/div><\/a><\/div>\n<\/div><\/div>\n\n<\/div><\/div>\n\n<style>.kb-row-layout-id13135_0d050c-cb > .kt-row-column-wrap{align-content:start;}:where(.kb-row-layout-id13135_0d050c-cb > .kt-row-column-wrap) > .wp-block-kadence-column{justify-content:start;}.kb-row-layout-id13135_0d050c-cb > .kt-row-column-wrap{column-gap:var(--global-kb-gap-md, 2rem);row-gap:var(--global-kb-gap-md, 2rem);padding-bottom:0px;grid-template-columns:minmax(0, 1fr);}.kb-row-layout-id13135_0d050c-cb > .kt-row-layout-overlay{opacity:0.30;}@media all and (max-width: 1024px){.kb-row-layout-id13135_0d050c-cb > .kt-row-column-wrap{grid-template-columns:minmax(0, 1fr);}}@media all and (max-width: 767px){.kb-row-layout-id13135_0d050c-cb > .kt-row-column-wrap{grid-template-columns:minmax(0, 1fr);}}<\/style><div class=\"kb-row-layout-wrap kb-row-layout-id13135_0d050c-cb alignnone wp-block-kadence-rowlayout\"><div class=\"kt-row-column-wrap kt-has-1-columns kt-row-layout-equal kt-tab-layout-inherit kt-mobile-layout-row kt-row-valign-top\">\n<style>.kadence-column13135_46e561-0b > .kt-inside-inner-col,.kadence-column13135_46e561-0b > .kt-inside-inner-col:before{border-top-left-radius:0px;border-top-right-radius:0px;border-bottom-right-radius:0px;border-bottom-left-radius:0px;}.kadence-column13135_46e561-0b > .kt-inside-inner-col{column-gap:var(--global-kb-gap-sm, 1rem);}.kadence-column13135_46e561-0b > .kt-inside-inner-col{flex-direction:column;}.kadence-column13135_46e561-0b > .kt-inside-inner-col > .aligncenter{width:100%;}.kadence-column13135_46e561-0b > .kt-inside-inner-col:before{opacity:0.3;}.kadence-column13135_46e561-0b{position:relative;}@media all and (max-width: 1024px){.kadence-column13135_46e561-0b > .kt-inside-inner-col{flex-direction:column;justify-content:center;}}@media all and (max-width: 767px){.kadence-column13135_46e561-0b > .kt-inside-inner-col{flex-direction:column;justify-content:center;}}<\/style>\n<div class=\"wp-block-kadence-column kadence-column13135_46e561-0b\"><div class=\"kt-inside-inner-col\"><style>.wp-block-kadence-advancedbtn.kb-btns13135_251550-e9{gap:var(--global-kb-gap-xs, 0.5rem );justify-content:flex-start;align-items:center;}.kt-btns13135_251550-e9 .kt-button{font-weight:normal;font-style:normal;}.kt-btns13135_251550-e9 .kt-btn-wrap-0{margin-right:5px;}.wp-block-kadence-advancedbtn.kt-btns13135_251550-e9 .kt-btn-wrap-0 .kt-button{color:#555555;border-color:#555555;}.wp-block-kadence-advancedbtn.kt-btns13135_251550-e9 .kt-btn-wrap-0 .kt-button:hover, .wp-block-kadence-advancedbtn.kt-btns13135_251550-e9 .kt-btn-wrap-0 .kt-button:focus{color:#ffffff;border-color:#444444;}.wp-block-kadence-advancedbtn.kt-btns13135_251550-e9 .kt-btn-wrap-0 .kt-button::before{display:none;}.wp-block-kadence-advancedbtn.kt-btns13135_251550-e9 .kt-btn-wrap-0 .kt-button:hover, .wp-block-kadence-advancedbtn.kt-btns13135_251550-e9 .kt-btn-wrap-0 .kt-button:focus{background:#444444;}<\/style>\n<div class=\"wp-block-kadence-advancedbtn kb-buttons-wrap kb-btns13135_251550-e9\"><style>ul.menu .wp-block-kadence-advancedbtn .kb-btn13135_959839-36.kb-button{width:initial;}.wp-block-kadence-advancedbtn .kb-btn13135_959839-36.kb-button{color:var(--global-palette9, #ffffff);background:var(--global-palette2, #2B6CB0);border-top-left-radius:0px;border-top-right-radius:0px;border-bottom-right-radius:0px;border-bottom-left-radius:0px;}.wp-block-kadence-advancedbtn .kb-btn13135_959839-36.kb-button:hover, .wp-block-kadence-advancedbtn .kb-btn13135_959839-36.kb-button:focus{color:var(--global-palette2, #2B6CB0);background:var(--global-palette9, #ffffff);}<\/style><a class=\"kb-button kt-button button kb-btn13135_959839-36 kt-btn-size-small kt-btn-width-type-auto kb-btn-global-fill  kt-btn-has-text-true kt-btn-has-svg-false  wp-block-kadence-singlebtn\" href=\"https:\/\/franklegaltax.com\/?lang=de\"><span class=\"kt-btn-inner-text\">ZUR HOMEPAGE<\/span><\/a><\/div>\n<\/div><\/div>\n\n<\/div><\/div><\/div><\/div>\n\n\n<style>.kadence-column13135_da8238-ef > .kt-inside-inner-col{display:flex;}.kadence-column13135_da8238-ef > .kt-inside-inner-col{padding-top:0px;}.kadence-column13135_da8238-ef > .kt-inside-inner-col,.kadence-column13135_da8238-ef > .kt-inside-inner-col:before{border-top-left-radius:0px;border-top-right-radius:0px;border-bottom-right-radius:0px;border-bottom-left-radius:0px;}.kadence-column13135_da8238-ef > .kt-inside-inner-col{column-gap:var(--global-kb-gap-sm, 1rem);}.kadence-column13135_da8238-ef > .kt-inside-inner-col{flex-direction:column;justify-content:flex-start;}.kadence-column13135_da8238-ef > .kt-inside-inner-col > .aligncenter{width:100%;}.kt-row-column-wrap > .kadence-column13135_da8238-ef{align-self:flex-start;}.kt-inner-column-height-full:not(.kt-has-1-columns) > .wp-block-kadence-column.kadence-column13135_da8238-ef{align-self:auto;}.kt-inner-column-height-full:not(.kt-has-1-columns) > .wp-block-kadence-column.kadence-column13135_da8238-ef > .kt-inside-inner-col{flex-direction:column;justify-content:flex-start;}.kadence-column13135_da8238-ef > .kt-inside-inner-col:before{opacity:0.3;}.kadence-column13135_da8238-ef{position:relative;}@media all and (max-width: 1024px){.kt-row-column-wrap > .kadence-column13135_da8238-ef{align-self:flex-start;}}@media all and (max-width: 1024px){.kt-inner-column-height-full:not(.kt-has-1-columns) > .wp-block-kadence-column.kadence-column13135_da8238-ef{align-self:auto;}}@media all and (max-width: 1024px){.kt-inner-column-height-full:not(.kt-has-1-columns) > .wp-block-kadence-column.kadence-column13135_da8238-ef > .kt-inside-inner-col{flex-direction:column;justify-content:flex-start;}}@media all and (max-width: 1024px){.kadence-column13135_da8238-ef > .kt-inside-inner-col{flex-direction:column;justify-content:flex-start;}}@media all and (max-width: 767px){.kt-row-column-wrap > .kadence-column13135_da8238-ef{align-self:flex-start;}.kt-inner-column-height-full:not(.kt-has-1-columns) > .wp-block-kadence-column.kadence-column13135_da8238-ef{align-self:auto;}.kt-inner-column-height-full:not(.kt-has-1-columns) > .wp-block-kadence-column.kadence-column13135_da8238-ef > .kt-inside-inner-col{flex-direction:column;justify-content:flex-start;}.kadence-column13135_da8238-ef > .kt-inside-inner-col{flex-direction:column;justify-content:flex-start;}}<\/style>\n<div class=\"wp-block-kadence-column kadence-column13135_da8238-ef\"><div class=\"kt-inside-inner-col\"><style>.kb-image13135_68ca02-9e:not(.kb-image-is-ratio-size) .kb-img, .kb-image13135_68ca02-9e.kb-image-is-ratio-size{padding-top:0px;padding-right:var(--global-kb-spacing-sm, 1.5rem);padding-bottom:var(--global-kb-spacing-sm, 1.5rem);padding-left:var(--global-kb-spacing-sm, 1.5rem);}.kb-image13135_68ca02-9e .kb-image-has-overlay:after{opacity:0.3;}@media all and (max-width: 1024px){.kb-image13135_68ca02-9e:not(.kb-image-is-ratio-size) .kb-img, .kb-image13135_68ca02-9e.kb-image-is-ratio-size{padding-top:0px;padding-right:0px;padding-bottom:0px;padding-left:0px;}}@media all and (max-width: 767px){.kb-image13135_68ca02-9e:not(.kb-image-is-ratio-size) .kb-img, .kb-image13135_68ca02-9e.kb-image-is-ratio-size{padding-top:0px;padding-right:0px;padding-bottom:0px;padding-left:0px;}}<\/style>\n<figure class=\"wp-block-kadence-image kb-image13135_68ca02-9e size-full\"><img loading=\"lazy\" decoding=\"async\" width=\"687\" height=\"433\" src=\"https:\/\/franklegaltax.com\/wp-content\/uploads\/2024\/02\/Group-2.jpg\" alt=\"\" class=\"kb-img wp-image-9280\" srcset=\"https:\/\/franklegaltax.com\/wp-content\/uploads\/2024\/02\/Group-2.jpg 687w, https:\/\/franklegaltax.com\/wp-content\/uploads\/2024\/02\/Group-2-300x189.jpg 300w\" sizes=\"auto, (max-width: 687px) 100vw, 687px\" \/><\/figure>\n<\/div><\/div>\n\n<\/div><\/div>","protected":false},"excerpt":{"rendered":"<p>Vielen Dank f\u00fcr Ihre Kontaktaufnahme mit FRANK Legal &amp; Tax Wir haben Ihre Nachricht erhalten und pr\u00fcfen gerade Ihren potenziellen Fall. Wenn Sie Fragen haben, k\u00f6nnen Sie uns gerne kontaktieren.<\/p>\n","protected":false},"author":8,"featured_media":0,"parent":0,"menu_order":0,"comment_status":"closed","ping_status":"closed","template":"","meta":{"_acf_changed":false,"_kad_blocks_custom_css":"","_kad_blocks_head_custom_js":"","_kad_blocks_body_custom_js":"","_kad_blocks_footer_custom_js":"","_kadence_starter_templates_imported_post":false,"_kad_post_transparent":"","_kad_post_title":"","_kad_post_layout":"","_kad_post_sidebar_id":"","_kad_post_content_style":"","_kad_post_vertical_padding":"hide","_kad_post_feature":"","_kad_post_feature_position":"","_kad_post_header":false,"_kad_post_footer":false,"footnotes":""},"class_list":["post-13135","page","type-page","status-publish","hentry"],"acf":[],"taxonomy_info":[],"featured_image_src_large":false,"author_info":{"display_name":"Mike_S","author_link":"https:\/\/franklegaltax.com\/de\/author\/mike_s\/"},"comment_info":0,"_links":{"self":[{"href":"https:\/\/franklegaltax.com\/de\/wp-json\/wp\/v2\/pages\/13135","targetHints":{"allow":["GET"]}}],"collection":[{"href":"https:\/\/franklegaltax.com\/de\/wp-json\/wp\/v2\/pages"}],"about":[{"href":"https:\/\/franklegaltax.com\/de\/wp-json\/wp\/v2\/types\/page"}],"author":[{"embeddable":true,"href":"https:\/\/franklegaltax.com\/de\/wp-json\/wp\/v2\/users\/8"}],"replies":[{"embeddable":true,"href":"https:\/\/franklegaltax.com\/de\/wp-json\/wp\/v2\/comments?post=13135"}],"version-history":[{"count":7,"href":"https:\/\/franklegaltax.com\/de\/wp-json\/wp\/v2\/pages\/13135\/revisions"}],"predecessor-version":[{"id":15846,"href":"https:\/\/franklegaltax.com\/de\/wp-json\/wp\/v2\/pages\/13135\/revisions\/15846"}],"wp:attachment":[{"href":"https:\/\/franklegaltax.com\/de\/wp-json\/wp\/v2\/media?parent=13135"}],"curies":[{"name":"wp","href":"https:\/\/api.w.org\/{rel}","templated":true}]}}