{"id":13415,"date":"2024-08-29T18:32:15","date_gmt":"2024-08-29T11:32:15","guid":{"rendered":"https:\/\/franklegaltax.com\/haftungsausschluss\/"},"modified":"2024-08-29T18:32:15","modified_gmt":"2024-08-29T11:32:15","slug":"haftungsausschluss","status":"publish","type":"page","link":"https:\/\/franklegaltax.com\/de\/haftungsausschluss\/","title":{"rendered":"Haftungsausschluss"},"content":{"rendered":"<style>.kb-row-layout-id13411_74fea2-68 > .kt-row-column-wrap{align-content:start;}:where(.kb-row-layout-id13411_74fea2-68 > .kt-row-column-wrap) > .wp-block-kadence-column{justify-content:start;}.kb-row-layout-id13411_74fea2-68 > .kt-row-column-wrap{column-gap:var(--global-kb-gap-md, 2rem);row-gap:var(--global-kb-gap-md, 2rem);padding-top:var(--global-kb-spacing-sm, 1.5rem);padding-bottom:var(--global-kb-spacing-sm, 1.5rem);grid-template-columns:minmax(0, 1fr);}.kb-row-layout-id13411_74fea2-68 > .kt-row-layout-overlay{opacity:0.30;}@media all and (max-width: 1024px){.kb-row-layout-id13411_74fea2-68 > .kt-row-column-wrap{grid-template-columns:minmax(0, 1fr);}}@media all and (max-width: 767px){.kb-row-layout-id13411_74fea2-68 > .kt-row-column-wrap{grid-template-columns:minmax(0, 1fr);}}<\/style><div class=\"kb-row-layout-wrap kb-row-layout-id13411_74fea2-68 alignnone wp-block-kadence-rowlayout\"><div class=\"kt-row-column-wrap kt-has-1-columns kt-row-layout-equal kt-tab-layout-inherit kt-mobile-layout-row kt-row-valign-top\">\n<style>.kadence-column13411_3d4444-19 > .kt-inside-inner-col,.kadence-column13411_3d4444-19 > .kt-inside-inner-col:before{border-top-left-radius:0px;border-top-right-radius:0px;border-bottom-right-radius:0px;border-bottom-left-radius:0px;}.kadence-column13411_3d4444-19 > .kt-inside-inner-col{column-gap:var(--global-kb-gap-sm, 1rem);}.kadence-column13411_3d4444-19 > .kt-inside-inner-col{flex-direction:column;}.kadence-column13411_3d4444-19 > .kt-inside-inner-col > .aligncenter{width:100%;}.kadence-column13411_3d4444-19 > .kt-inside-inner-col:before{opacity:0.3;}.kadence-column13411_3d4444-19{position:relative;}@media all and (max-width: 1024px){.kadence-column13411_3d4444-19 > .kt-inside-inner-col{flex-direction:column;justify-content:center;}}@media all and (max-width: 767px){.kadence-column13411_3d4444-19 > .kt-inside-inner-col{flex-direction:column;justify-content:center;}}<\/style>\n<div class=\"wp-block-kadence-column kadence-column13411_3d4444-19\"><div class=\"kt-inside-inner-col\"><style>.wp-block-kadence-advancedheading.kt-adv-heading13411_112735-1d, .wp-block-kadence-advancedheading.kt-adv-heading13411_112735-1d[data-kb-block=\"kb-adv-heading13411_112735-1d\"]{font-style:normal;}.wp-block-kadence-advancedheading.kt-adv-heading13411_112735-1d mark.kt-highlight, .wp-block-kadence-advancedheading.kt-adv-heading13411_112735-1d[data-kb-block=\"kb-adv-heading13411_112735-1d\"] mark.kt-highlight{font-style:normal;color:#f76a0c;-webkit-box-decoration-break:clone;box-decoration-break:clone;padding-top:0px;padding-right:0px;padding-bottom:0px;padding-left:0px;}<\/style>\n<h1 class=\"kt-adv-heading13411_112735-1d wp-block-kadence-advancedheading\" data-kb-block=\"kb-adv-heading13411_112735-1d\">Haftungsausschluss<\/h1>\n\n\n\n<p>Die auf dieser Website zur Verf\u00fcgung gestellten Informationen dienen nur der allgemeinen Information und stellen keine Rechtsberatung dar.  <\/p>\n\n\n\n<p>Obwohl wir uns um die Richtigkeit und Vollst\u00e4ndigkeit der Informationen auf dieser Website bem\u00fchen, gibt <strong>FRANK Legal &amp; Tax Ltd.<\/strong> keine ausdr\u00fccklichen oder stillschweigenden Zusicherungen oder Gew\u00e4hrleistungen hinsichtlich der Zuverl\u00e4ssigkeit, Eignung oder Verf\u00fcgbarkeit der Inhalte.\nWenn Sie sich auf diese Informationen verlassen, geschieht dies ausschlie\u00dflich auf Ihr eigenes Risiko. <\/p>\n\n\n\n<p>Der Besuch dieser Website oder die Kontaktaufnahme mit unserer Kanzlei \u00fcber diese Website begr\u00fcndet kein Anwalt-Mandanten-Verh\u00e4ltnis.\nEin Anwalts-Mandanten-Verh\u00e4ltnis kommt nur im gegenseitigen Einvernehmen und durch die Unterzeichnung eines schriftlichen Mandatsvertrages zwischen <strong>FRANK Legal &amp; Tax Ltd.<\/strong> und dem Mandanten zustande. <\/p>\n\n\n\n<p>Wir \u00fcbernehmen keine Verantwortung f\u00fcr die Inhalte Dritter, die \u00fcber Links auf unserer Website zug\u00e4nglich sind. <strong>FRANK Legal &amp; Tax Ltd.<\/strong> ist nicht verantwortlich f\u00fcr Fehler oder Auslassungen oder f\u00fcr die Ergebnisse, die sich aus der Nutzung dieser Informationen ergeben.<\/p>\n\n\n\n<p>Bitte beachten Sie, dass die Kommunikation \u00fcber das Internet, auch per E-Mail, nicht sicher ist.\nSenden Sie keine vertraulichen oder sensiblen Informationen \u00fcber diese Website, ohne zuvor eine Anwalts-Klienten-Beziehung aufgebaut zu haben. <\/p>\n\n\n\n<p>Wenn Sie eine auf Ihre Situation zugeschnittene Rechtsberatung w\u00fcnschen, wenden Sie sich bitte direkt an einen unserer Anw\u00e4lte.<\/p>\n<\/div><\/div>\n\n<\/div><\/div>","protected":false},"excerpt":{"rendered":"<p>Haftungsausschluss Die auf dieser Website zur Verf\u00fcgung gestellten Informationen dienen nur der allgemeinen Information und stellen keine Rechtsberatung dar. Obwohl wir uns um die Richtigkeit und Vollst\u00e4ndigkeit der Informationen auf dieser Website bem\u00fchen, gibt FRANK Legal &amp; Tax Ltd. keine ausdr\u00fccklichen oder stillschweigenden Zusicherungen oder Gew\u00e4hrleistungen hinsichtlich der Zuverl\u00e4ssigkeit, Eignung oder Verf\u00fcgbarkeit der Inhalte. Wenn&#8230;<\/p>\n","protected":false},"author":13,"featured_media":0,"parent":0,"menu_order":0,"comment_status":"closed","ping_status":"closed","template":"","meta":{"_acf_changed":false,"_kad_blocks_custom_css":"","_kad_blocks_head_custom_js":"","_kad_blocks_body_custom_js":"","_kad_blocks_footer_custom_js":"","_kadence_starter_templates_imported_post":false,"_kad_post_transparent":"","_kad_post_title":"","_kad_post_layout":"","_kad_post_sidebar_id":"","_kad_post_content_style":"","_kad_post_vertical_padding":"","_kad_post_feature":"","_kad_post_feature_position":"","_kad_post_header":false,"_kad_post_footer":false,"footnotes":""},"class_list":["post-13415","page","type-page","status-publish","hentry"],"acf":[],"taxonomy_info":[],"featured_image_src_large":false,"author_info":{"display_name":"Karl Luckwald","author_link":"https:\/\/franklegaltax.com\/de\/author\/karl-luckwald\/"},"comment_info":0,"_links":{"self":[{"href":"https:\/\/franklegaltax.com\/de\/wp-json\/wp\/v2\/pages\/13415","targetHints":{"allow":["GET"]}}],"collection":[{"href":"https:\/\/franklegaltax.com\/de\/wp-json\/wp\/v2\/pages"}],"about":[{"href":"https:\/\/franklegaltax.com\/de\/wp-json\/wp\/v2\/types\/page"}],"author":[{"embeddable":true,"href":"https:\/\/franklegaltax.com\/de\/wp-json\/wp\/v2\/users\/13"}],"replies":[{"embeddable":true,"href":"https:\/\/franklegaltax.com\/de\/wp-json\/wp\/v2\/comments?post=13415"}],"version-history":[{"count":1,"href":"https:\/\/franklegaltax.com\/de\/wp-json\/wp\/v2\/pages\/13415\/revisions"}],"predecessor-version":[{"id":13416,"href":"https:\/\/franklegaltax.com\/de\/wp-json\/wp\/v2\/pages\/13415\/revisions\/13416"}],"wp:attachment":[{"href":"https:\/\/franklegaltax.com\/de\/wp-json\/wp\/v2\/media?parent=13415"}],"curies":[{"name":"wp","href":"https:\/\/api.w.org\/{rel}","templated":true}]}}